{"id":3452,"date":"2022-06-17T10:15:47","date_gmt":"2022-06-17T10:15:47","guid":{"rendered":"https:\/\/www.orinox.com\/orinox-products-solutions\/ox-master-settings\/"},"modified":"2023-02-06T23:18:04","modified_gmt":"2023-02-06T22:18:04","slug":"ox-master-settings","status":"publish","type":"page","link":"https:\/\/www.orinox.com\/fr\/orinox-products-solutions\/ox-master-settings\/","title":{"rendered":"OX Master Settings"},"content":{"rendered":"","protected":false},"excerpt":{"rendered":"","protected":false},"author":7,"featured_media":0,"parent":3438,"menu_order":0,"comment_status":"closed","ping_status":"closed","template":"templates\/template-base-model-4.php","meta":{"_seopress_robots_primary_cat":"","_seopress_titles_title":"Le produit OX Master Settings - ORINOX","_seopress_titles_desc":"ORINOX Master Settings rassemble l\u2019ensemble des connaissances ORINOX utiles pour acc\u00e9l\u00e9rer le d\u00e9ploiement de votre projet.","_seopress_robots_index":"","footnotes":""},"class_list":["post-3452","page","type-page","status-publish","hentry"],"acf":[],"_links":{"self":[{"href":"https:\/\/www.orinox.com\/fr\/wp-json\/wp\/v2\/pages\/3452","targetHints":{"allow":["GET"]}}],"collection":[{"href":"https:\/\/www.orinox.com\/fr\/wp-json\/wp\/v2\/pages"}],"about":[{"href":"https:\/\/www.orinox.com\/fr\/wp-json\/wp\/v2\/types\/page"}],"author":[{"embeddable":true,"href":"https:\/\/www.orinox.com\/fr\/wp-json\/wp\/v2\/users\/7"}],"replies":[{"embeddable":true,"href":"https:\/\/www.orinox.com\/fr\/wp-json\/wp\/v2\/comments?post=3452"}],"version-history":[{"count":5,"href":"https:\/\/www.orinox.com\/fr\/wp-json\/wp\/v2\/pages\/3452\/revisions"}],"predecessor-version":[{"id":6674,"href":"https:\/\/www.orinox.com\/fr\/wp-json\/wp\/v2\/pages\/3452\/revisions\/6674"}],"up":[{"embeddable":true,"href":"https:\/\/www.orinox.com\/fr\/wp-json\/wp\/v2\/pages\/3438"}],"wp:attachment":[{"href":"https:\/\/www.orinox.com\/fr\/wp-json\/wp\/v2\/media?parent=3452"}],"curies":[{"name":"wp","href":"https:\/\/api.w.org\/{rel}","templated":true}]}}