{"id":1074,"date":"2022-06-20T14:18:01","date_gmt":"2022-06-20T14:18:01","guid":{"rendered":"https:\/\/www.orinox.com\/?page_id=1074"},"modified":"2025-12-11T22:28:03","modified_gmt":"2025-12-11T21:28:03","slug":"programmes-et-certifications","status":"publish","type":"page","link":"https:\/\/www.orinox.com\/fr\/programmes-et-certifications\/","title":{"rendered":"Programmes et certifications"},"content":{"rendered":"","protected":false},"excerpt":{"rendered":"","protected":false},"author":7,"featured_media":0,"parent":0,"menu_order":0,"comment_status":"closed","ping_status":"closed","template":"templates\/template-base-model-2.php","meta":{"_seopress_robots_primary_cat":"","_seopress_titles_title":"","_seopress_titles_desc":"D\u00e9couvrez le catalogue et le planning des formations certifi\u00e9es ORINOX. Sessions modulables en pr\u00e9sentiel ou \u00e0 distance pour d\u00e9velopper vos comp\u00e9tences AVEVA (E3D, DIAGRAMS, ENGINEERING) et BIM","_seopress_robots_index":"","footnotes":""},"class_list":["post-1074","page","type-page","status-publish","hentry"],"acf":[],"_links":{"self":[{"href":"https:\/\/www.orinox.com\/fr\/wp-json\/wp\/v2\/pages\/1074","targetHints":{"allow":["GET"]}}],"collection":[{"href":"https:\/\/www.orinox.com\/fr\/wp-json\/wp\/v2\/pages"}],"about":[{"href":"https:\/\/www.orinox.com\/fr\/wp-json\/wp\/v2\/types\/page"}],"author":[{"embeddable":true,"href":"https:\/\/www.orinox.com\/fr\/wp-json\/wp\/v2\/users\/7"}],"replies":[{"embeddable":true,"href":"https:\/\/www.orinox.com\/fr\/wp-json\/wp\/v2\/comments?post=1074"}],"version-history":[{"count":38,"href":"https:\/\/www.orinox.com\/fr\/wp-json\/wp\/v2\/pages\/1074\/revisions"}],"predecessor-version":[{"id":8340,"href":"https:\/\/www.orinox.com\/fr\/wp-json\/wp\/v2\/pages\/1074\/revisions\/8340"}],"wp:attachment":[{"href":"https:\/\/www.orinox.com\/fr\/wp-json\/wp\/v2\/media?parent=1074"}],"curies":[{"name":"wp","href":"https:\/\/api.w.org\/{rel}","templated":true}]}}